{"id":1085,"date":"2024-05-16T19:03:35","date_gmt":"2024-05-16T17:03:35","guid":{"rendered":"https:\/\/www.vbh.it\/?page_id=1085"},"modified":"2024-05-16T19:17:07","modified_gmt":"2024-05-16T17:17:07","slug":"allgemeine-geschaeftsbedingungen","status":"publish","type":"page","link":"https:\/\/www.vbh.it\/de\/allgemeine-geschaeftsbedingungen","title":{"rendered":"Allgemeine Gesch\u00e4ftsbedingungen"},"content":{"rendered":"<div class=\"fusion-fullwidth fullwidth-box fusion-builder-row-1 fusion-flex-container nonhundred-percent-fullwidth non-hundred-percent-height-scrolling\" style=\"--awb-border-radius-top-left:0px;--awb-border-radius-top-right:0px;--awb-border-radius-bottom-right:0px;--awb-border-radius-bottom-left:0px;--awb-flex-wrap:wrap;\" ><div class=\"fusion-builder-row fusion-row fusion-flex-align-items-flex-start fusion-flex-content-wrap\" style=\"max-width:1173px;margin-left: calc(-2% \/ 2 );margin-right: calc(-2% \/ 2 );\"><div class=\"fusion-layout-column fusion_builder_column fusion-builder-column-0 fusion_builder_column_1_1 1_1 fusion-flex-column\" style=\"--awb-bg-size:cover;--awb-width-large:100%;--awb-margin-top-large:0px;--awb-spacing-right-large:0.98%;--awb-margin-bottom-large:0px;--awb-spacing-left-large:0.98%;--awb-width-medium:100%;--awb-spacing-right-medium:0.98%;--awb-spacing-left-medium:0.98%;--awb-width-small:100%;--awb-spacing-right-small:0.98%;--awb-spacing-left-small:0.98%;\"><div class=\"fusion-column-wrapper fusion-flex-justify-content-flex-start fusion-content-layout-column\"><div class=\"fusion-text fusion-text-1\"><h3><strong>ALLGEMEINE GESCH\u00c4FTS- und LIEFERBEDINGUNGEN<\/strong><\/h3>\n<ol>\n<li><strong>GELTUNG<\/strong><\/li>\n<\/ol>\n<p>Diese Allgemeinen Lieferbedingungen gelten f\u00fcr alle Vertr\u00e4ge, Bestellungen, Angebote und Best\u00e4tigungen der VBH Italia GmbH. Abweichende Vereinbarungen bed\u00fcrfen unserer ausdr\u00fccklichen Einwilligung. Unter dem Begriff \u201eVerk\u00e4ufer\u201c versteht sich VBH Italia GmbH.<\/p>\n<ol start=\"2\">\n<li><strong>BESTELLUNGEN<\/strong><\/li>\n<\/ol>\n<p>Bei Bestellungen m\u00fcssen die genaue Artikelnummer von VBH oder unseres Lieferanten angegeben werden. Anderenfalls gilt unsere Best\u00e4tigungen. Die Mengen m\u00fcssen den VBH Standard Packungen oder Packungen unserer Lieferanten entsprechen. Anderenfalls wird die Menge automatisch ge\u00e4ndert und die Werte werden in der Auftragsbest\u00e4tigung angegeben.<\/p>\n<p>Der Mindestbetrag f\u00fcr eine Bestellung betr\u00e4gt 50,00 \u20ac. Bei Bestellungen unter 50,00 \u20ac wird ein Mindermengenzuschlag in H\u00f6he von 10,00 \u20ac in Rechnung gestellt.<\/p>\n<ol start=\"3\">\n<li><strong>LIEFERZEIT<\/strong><\/li>\n<\/ol>\n<p>Die Lieferfristen sind unverbindlich und gelten als ann\u00e4hernd vereinbart. Im Fall verz\u00f6gerter Lieferung sind Schadenersatzanspr\u00fcche des K\u00e4ufers ausgeschlossen.<\/p>\n<ol start=\"4\">\n<li><strong>TRANSPORT<\/strong><\/li>\n<\/ol>\n<p>Frachtfrei f\u00fcr Stammkunden oder Bestellungen \u00fcber 3000,00 \u20ac. F\u00fcr Bunde \u00fcber 3 Meter sind die Transportkosten individuell zu vereinbare.<\/p>\n<p>ANDERE GEBIETE UND AUSLAND: Die Transportkosten werden individuell vereinbart.<\/p>\n<p>Die Lieferung per Nachnahme wird dem Fr\u00e4chter ausschlie\u00dflich bar oder mittels Zirkularscheck (nicht \u00fcbertragbar) an VBH Italia GmbH ausgezahlt. Bei direkten R\u00fccknahmen wird kein Skonto gew\u00e4hrt. Der Kunden tr\u00e4gt die Transportkosten, wenn er den Fr\u00e4chter f\u00fcr den Versand der Ware ausw\u00e4hlt. Das oben Genannte gilt f\u00fcr ordentliche Lieferungen. Im Fall besonderer Menge. Schwer erreichbarer Gebiete oder anderer Bedingungen beh\u00e4lt sich der Verk\u00e4ufer, eventuelle Preis\u00e4nderungen vor.<\/p>\n<p>Das Abladen der Lieferung ist in jedem Fall Sache des K\u00e4ufers, Es hat unverz\u00fcglich durch den K\u00e4ufer zu erfolgen. Etwaiges Abladen durch den Spediteur <strong>oder Frachf\u00fchrer<\/strong> oder dessen Hilfeleistung beim Abladen erfolgt ausschlie\u00dflich auf Gefahr und Kosten des K\u00e4ufers.<\/p>\n<ol start=\"5\">\n<li><strong>PREISE<\/strong><\/li>\n<\/ol>\n<p>Mit Erscheinen einer neuen Preisliste verlieren vorausgegangen Preislisten ihre G\u00fcltigkeit.<\/p>\n<p>Unsere Preise verstehen sich ohne Mehrwertsteuer.<\/p>\n<p>Alle Angaben und Preise basieren auf bestem Wissen, wir bitten jedoch um Verst\u00e4ndnis, dass wir uns etwaige \u00c4nderungen und Irrt\u00fcmer vorbehalten m\u00fcssen.<\/p>\n<ol start=\"6\">\n<li><strong>ZAHLUNGSBEDINGUNGEN<\/strong><\/li>\n<\/ol>\n<p>Wenn nicht anders vereinbart, erfolgt dir Zahlung im Voraus.<\/p>\n<p>Auch beim Vorlegen einer Beanstandung ist der K\u00e4ufer zur Zahlung des Rechnungsbetrages am F\u00e4lligkeitsdatum verpflichtet. Im Falle einer Nichtzahlung der Rechnungen am F\u00e4lligkeitsdatum und unter Vorbehalt aller Rechte, wovon der Verk\u00e4ufer Gebrauch machen kann, werden die Verzugszinsen laut dem Vom Art. 5 Abs. 2 Legislativdekret 231\/2002 vorgesehenen Zinssatz geltend gemacht. Bis zur vollst\u00e4ndigen Zahlung bleiben die gelieferten Waren Eigentum des Verk\u00e4ufers.<\/p>\n<ol start=\"7\">\n<li><strong>PRODUKTANGABEN<\/strong><\/li>\n<\/ol>\n<p>Ma\u00df-, Gewichts- und Leistungsangaben sowie Abbildungen sind nur ann\u00e4hernd und unverbindlich. Zusicherungen und Eigenschaftsangaben bed\u00fcrfen einer ausdr\u00fccklichen schriftlichen Erkl\u00e4rung.<\/p>\n<ol start=\"8\">\n<li><strong>VERPACKUNG<\/strong><\/li>\n<\/ol>\n<p>Wenn nicht anders vereinbart, ist die Standardverpackung in unseren Preisen eingeschlossen. In Sonderf\u00e4llen zu vereinbaren.<\/p>\n<ol start=\"9\">\n<li><strong>BEANSTANDUNGEN<\/strong><\/li>\n<\/ol>\n<p>Eventuelle Beanstandungen sind dem Verk\u00e4ufer innerhalb von 15 Tagen nach Empfang des Liefergegenstandes per Einschreibebrief mit beiliegenden Bildern der besch\u00e4digten Ware mitzuteilen.<\/p>\n<p>Telefonische Beanstandungen werden nicht anerkannt.<\/p>\n<p>Nach begonnener Verarbeitung der Ware sowie eventuellem Zuschnitt ist jede Beanstandung von M\u00e4ngeln ausgeschlossen.<\/p>\n<ol start=\"10\">\n<li><strong>R\u00dcCKGABE DER WAREN<\/strong><\/li>\n<\/ol>\n<p>Waren, die f\u00fcr den K\u00e4ufer speziell angefertigt oder beschafft wurden, sind von einer R\u00fccknahme grunds\u00e4tzlich ausgeschlossen. R\u00fcckgaben werden nur akzeptiert, wenn sie mit dem Verk\u00e4ufer direkt vereinbart sind. Der Warenbegleitschein muss auf unser Versanddokument hinweisen und unserer Genehmigung f\u00fcr die R\u00fcckgabe muss beiliegen.<\/p>\n<p>Die Ware muss in einwandfreiem Erhaltungszustand, ohne Abnutzungs-, F\u00e4lschung-, oder Verschlei\u00dferscheinungen, sein und in Originalverpackung und frachtfrei an unser Lager versandt werden.<\/p>\n<p>Nach unserem unanfechtbaren Urteil kann der Wert der zur\u00fcckgegebenen Ware, im Vergleich zum bezahlten Preis, gesenkt werden, und zwar f\u00fcr die Wartung, Neuverpackung, die Lagerung sowie f\u00fcr die R\u00fcckgabe an unseren Lieferant.<\/p>\n<p>Die R\u00fcckgabe wird auf jeden Fall mit einer Pauschale in H\u00f6he von 10,00 \u20ac belastet + ein prozentueller Abzug der bei Authorisierung mitgeteilt wird.<\/p>\n<ol start=\"11\">\n<li><strong>HAFTUNG<\/strong><\/li>\n<\/ol>\n<p>Eine Haftung des Verk\u00e4ufers daf\u00fcr, dass die gelieferte Ware f\u00fcr die vom K\u00e4ufer in Aussicht genommenen Zwecke geeignet ist, besteht nicht. Die nach dem, Vertrag vorausgesetzte Verwendung f\u00fcr die Waren richtet sich ma\u00dfgeblich nach den entsprechenden Bedienungsanleitungen. Angaben in Katalogen, Bedienungsanleitungen usw. enthalten ausschlie\u00dflich eine unverbindliche Beschreibung der jeweiligen Waren und stellen keine Garantieerkl\u00e4rungen dar. Die Zusicherung von Garantien bedarf zu ihrer Wirksamkeit einer schriftlichen Best\u00e4tigung des Verk\u00e4ufers.<\/p>\n<p>F\u00fcr Sch\u00e4den durch nat\u00fcrliche Abnutzung, unsachgem\u00e4\u00dfe Bedienung, nachl\u00e4ssige Behandlung, \u00fcberm\u00e4\u00dfige Beanspruchung sowie Nichtbeachtung von Betriebs- oder Gebrauchsanleitungen ist die Gew\u00e4hrleistung oder Haftung ausgeschlossen.<\/p>\n<p>Jegliche Schadenersatzanspr\u00fcche des K\u00e4ufers gegen den Verk\u00e4ufer, seiner gesetzlichen Vertreter oder seiner Erf\u00fcllungsgehilfen sind ausgeschlossen, es sei denn, sie beruhen auf Vorsatz oder grober Fahrl\u00e4ssigkeit.<\/p>\n<ol start=\"12\">\n<li><strong>GERICHTSSTAND<\/strong><\/li>\n<\/ol>\n<p>Gerichtsstand f\u00fcr alle Streitigkeiten ist das Gericht Bozen.<\/p>\n<\/div><\/div><\/div><\/div><\/div>\n","protected":false},"excerpt":{"rendered":"","protected":false},"author":1,"featured_media":0,"parent":0,"menu_order":0,"comment_status":"closed","ping_status":"closed","template":"","meta":{"footnotes":""},"class_list":["post-1085","page","type-page","status-publish","hentry"],"_links":{"self":[{"href":"https:\/\/www.vbh.it\/de\/wp-json\/wp\/v2\/pages\/1085","targetHints":{"allow":["GET"]}}],"collection":[{"href":"https:\/\/www.vbh.it\/de\/wp-json\/wp\/v2\/pages"}],"about":[{"href":"https:\/\/www.vbh.it\/de\/wp-json\/wp\/v2\/types\/page"}],"author":[{"embeddable":true,"href":"https:\/\/www.vbh.it\/de\/wp-json\/wp\/v2\/users\/1"}],"replies":[{"embeddable":true,"href":"https:\/\/www.vbh.it\/de\/wp-json\/wp\/v2\/comments?post=1085"}],"version-history":[{"count":3,"href":"https:\/\/www.vbh.it\/de\/wp-json\/wp\/v2\/pages\/1085\/revisions"}],"predecessor-version":[{"id":1101,"href":"https:\/\/www.vbh.it\/de\/wp-json\/wp\/v2\/pages\/1085\/revisions\/1101"}],"wp:attachment":[{"href":"https:\/\/www.vbh.it\/de\/wp-json\/wp\/v2\/media?parent=1085"}],"curies":[{"name":"wp","href":"https:\/\/api.w.org\/{rel}","templated":true}]}}